{"id":24,"date":"2022-11-22T10:55:32","date_gmt":"2022-11-22T10:55:32","guid":{"rendered":"http:\/\/gunnerlacour.com\/?page_id=24"},"modified":"2023-04-01T19:39:07","modified_gmt":"2023-04-01T19:39:07","slug":"about","status":"publish","type":"page","link":"https:\/\/gunnerlacour.com\/dk\/about\/","title":{"rendered":"Info"},"content":{"rendered":"<figure class=\"wp-block-image size-large\"><img loading=\"lazy\" decoding=\"async\" width=\"1024\" height=\"436\" src=\"https:\/\/gunnerlacour.com\/wp-content\/uploads\/2023\/03\/Gunnerx3-1024x436.jpg\" alt=\"\" class=\"wp-image-442\" srcset=\"https:\/\/gunnerlacour.com\/wp-content\/uploads\/2023\/03\/Gunnerx3-1024x436.jpg 1024w, https:\/\/gunnerlacour.com\/wp-content\/uploads\/2023\/03\/Gunnerx3-300x128.jpg 300w, https:\/\/gunnerlacour.com\/wp-content\/uploads\/2023\/03\/Gunnerx3-768x327.jpg 768w, https:\/\/gunnerlacour.com\/wp-content\/uploads\/2023\/03\/Gunnerx3-1536x655.jpg 1536w, https:\/\/gunnerlacour.com\/wp-content\/uploads\/2023\/03\/Gunnerx3-2048x873.jpg 2048w, https:\/\/gunnerlacour.com\/wp-content\/uploads\/2023\/03\/Gunnerx3-18x8.jpg 18w\" sizes=\"auto, (max-width: 1024px) 100vw, 1024px\" \/><\/figure>\n\n\n\n<p>Gunner la Cour besluttede sig tidligt for at han ville v\u00e6re kunstner. Han fik som 14-\u00e5rig privatundervisning af Flemming Bergs\u00f8e, og senere Erik Clemmensen og Erling Frederiksen. Hvorefter han startede p\u00e5 teknisk skole som var den n\u00e6rmeste skoleuddannelse for kunstneriske h\u00e5ndv\u00e6rk, dog var traditionel uddannelse stadig ikke helt dr\u00f8mmen og han tog arbejde som s\u00f8mand og rejste nogle \u00e5r mellem Sydamerika og Japan. De oplevelser, han havde der, og de ting, han s\u00e5, blev stor inspiration til hans fremtidige v\u00e6rker.<\/p>\n\n\n\n<p>Som 20-\u00e5rig flyttede Gunner til K\u00f8benhavn hvor han var del af byens kunstnermilj\u00f8. Han debuterede p\u00e5 \u2019kunstnerens efter\u00e5rsudstilling\u2019 og \u2019POEX\u2019 p\u00e5 Den Fri i 70erne. <\/p>\n\n\n\n<p>I 1971 rejste han til Paris for at se Max Ernst retrospektiv p\u00e5 Mus\u00e9e de l'Orangerie. Surrealismen og is\u00e6r Ernsts billeder forblev en k\u00e6mpe inspiration for Gunners kunstneriske udtryk.<\/p>\n\n\n\n<p>Kort efter besluttede han sig for at flytte til Lolland for at f\u00e5 mere plads og frihed. Her dr\u00f8mte han om boligf\u00e6llesskab og eget galleri. Gunner eksperimenterede med forskellige former for oliemaling i vandbad. Men efter \u00e5r med en r\u00e6kke udstillinger i lokalomr\u00e5det, og mindre og mindre kontakt til kunstnermilj\u00f8et i K\u00f8benhavn, viste den ops\u00e6tning begr\u00e6nsninger. Gunner trak sig tilbage og arbejdede delvist i isolation over de n\u00e6ste \u00e5r, indtil sygdom og skilsmisse bragte Gunnar tilbage til K\u00f8benhavn.<\/p>\n\n\n\n<p>Derefter \u00e6ndrede hans kunststil sig markant da han begyndte at male med akrylmaling. Han arbejdede produktivt i de sidste 30 \u00e5r af sit liv og skabte en unik ny stil. Med et selvsikkert billedudtryk med fokus p\u00e5 natur og landskab. Stilen er unik p\u00e5 den m\u00e5de, den ikke reducerer til et pr\u00e6diktivt billedsprog, mens den stadig fanger og skaber en st\u00e6rk naturf\u00f8lelse og fornemmelse af at v\u00e6re i landskabet.&nbsp;<\/p>\n\n\n\n<p>Gunner d\u00f8de oktober 2021.<\/p>\n\n\n\n<p class=\"has-small-font-size\"><em>Udvalgte udstillinger:<\/em><\/p>\n\n\n\n<p class=\"has-small-font-size\">1969 Kunstnernes <em>Efter\u00e5rsudstilling <\/em>\u201cDen Frie udstillingsbygning\u201d\u00a0 K\u00f8benhavn, DK (gruppeudstilling)&nbsp;<\/p>\n\n\n\n<p class=\"has-small-font-size\">1970 <em>Poex <\/em>\u201cDen Frie udstillingsbygning\u201d\u00a0 K\u00f8benhavn, DK (gruppeudstilling)&nbsp;<\/p>\n\n\n\n<p class=\"has-small-font-size\">1971 <em>Gunner la Cour <\/em>\u201cBangs Galleri\u201d K\u00f8benhavn, DK<\/p>\n\n\n\n<p class=\"has-small-font-size\">1972 <em>Gunner la Cour <\/em>\u201cMaribo biblotek\u201d Maribo, DK<\/p>\n\n\n\n<p class=\"has-small-font-size\">1973 <em>Dansk Rusisk Vandreudstilling<\/em>Travelling exhibition\u201d Leningrad and Moscow, Russia&nbsp;<\/p>\n\n\n\n<p class=\"has-small-font-size\">(gruppeudstilling)&nbsp;<\/p>\n\n\n\n<p class=\"has-small-font-size\">1979 <em>Gunner la Cour,<\/em>\u201dAasmarkgade Galleri\u201d Bandholm, DK<\/p>\n\n\n\n<p class=\"has-small-font-size\">1984 <em>Gunner la Cour <\/em>\u201cBangs Galleri\u201d K\u00f8benhavn, DK<\/p>\n\n\n\n<p class=\"has-small-font-size\">1988 <em>Interferans&nbsp; <\/em>\u201cMitzi Galleri\u201d K\u00f8benhavn, DK<\/p>\n\n\n\n<p class=\"has-small-font-size\">2018 <em>N\u00e5r urskoven er f\u00e6ldet er det for altid <\/em>\u201cOticon\u201d Sm\u00f8rum, Denmark&nbsp;<\/p>\n\n\n\n<p><\/p>","protected":false},"excerpt":{"rendered":"<p>Gunner la Cour decided early that he wanted to be an artist. At the age of 14 received private lessons from Flemming Bergs\u00f8e, and later Erik Clemmensen and Erling Frederiksen. He got the opportunity to attend technical school which was the closest school education for artistic trades. However, traditional education was still not quite the [&hellip;]<\/p>\n","protected":false},"author":1,"featured_media":0,"parent":0,"menu_order":0,"comment_status":"closed","ping_status":"closed","template":"","meta":{"om_disable_all_campaigns":false,"_monsterinsights_skip_tracking":false,"_monsterinsights_sitenote_active":false,"_monsterinsights_sitenote_note":"","_monsterinsights_sitenote_category":0,"footnotes":""},"folder":[],"class_list":["post-24","page","type-page","status-publish","hentry"],"aioseo_notices":[],"jetpack_sharing_enabled":true,"_links":{"self":[{"href":"https:\/\/gunnerlacour.com\/dk\/wp-json\/wp\/v2\/pages\/24","targetHints":{"allow":["GET"]}}],"collection":[{"href":"https:\/\/gunnerlacour.com\/dk\/wp-json\/wp\/v2\/pages"}],"about":[{"href":"https:\/\/gunnerlacour.com\/dk\/wp-json\/wp\/v2\/types\/page"}],"author":[{"embeddable":true,"href":"https:\/\/gunnerlacour.com\/dk\/wp-json\/wp\/v2\/users\/1"}],"replies":[{"embeddable":true,"href":"https:\/\/gunnerlacour.com\/dk\/wp-json\/wp\/v2\/comments?post=24"}],"version-history":[{"count":6,"href":"https:\/\/gunnerlacour.com\/dk\/wp-json\/wp\/v2\/pages\/24\/revisions"}],"predecessor-version":[{"id":510,"href":"https:\/\/gunnerlacour.com\/dk\/wp-json\/wp\/v2\/pages\/24\/revisions\/510"}],"wp:attachment":[{"href":"https:\/\/gunnerlacour.com\/dk\/wp-json\/wp\/v2\/media?parent=24"}],"wp:term":[{"taxonomy":"folder","embeddable":true,"href":"https:\/\/gunnerlacour.com\/dk\/wp-json\/wp\/v2\/folder?post=24"}],"curies":[{"name":"wp","href":"https:\/\/api.w.org\/{rel}","templated":true}]}}