{"id":26,"date":"2022-11-22T10:55:54","date_gmt":"2022-11-22T10:55:54","guid":{"rendered":"http:\/\/gunnerlacour.com\/?page_id=26"},"modified":"2023-04-01T19:40:53","modified_gmt":"2023-04-01T19:40:53","slug":"contact","status":"publish","type":"page","link":"https:\/\/gunnerlacour.com\/dk\/contact\/","title":{"rendered":"Kontakt"},"content":{"rendered":"<p>Denne hjemmeside er vedligeholdt og bygget af Iben la Cour (datter af Gunner la Cour) For at l\u00e6se om processen af sammens\u00e6ttelsen af dette l\u00e6s <a href=\"https:\/\/gunnerlacour.com\/dk\/is-this-the-correct-catalogue-of-gunner-la-cour\/\" title=\"\">HER<\/a><\/p>\n\n\n\n<p>Kontakt mig for priserne p\u00e5 v\u00e6rkerne som er til salg eller for yderligere information<\/p>\n\n\n<div class=\"wp-block-jetpack-contact-form is-layout-flex wp-container-jetpack-contact-form-is-layout-556eab9d wp-block-jetpack-contact-form-is-layout-flex\"><a href=\"https:\/\/gunnerlacour.com\/dk\/contact\/\" target=\"_blank\" rel=\"noopener noreferrer\">Submit a form.<\/a><\/div>","protected":false},"excerpt":{"rendered":"<p>This website is maintained and build by Iben la Cour (daughter of Gunner la Cour) To read more about the process of making this catalogue read HERE Please feel free to contact me for prices of work which is for sale or for further information<\/p>","protected":false},"author":1,"featured_media":0,"parent":0,"menu_order":0,"comment_status":"closed","ping_status":"closed","template":"","meta":{"om_disable_all_campaigns":false,"_monsterinsights_skip_tracking":false,"_monsterinsights_sitenote_active":false,"_monsterinsights_sitenote_note":"","_monsterinsights_sitenote_category":0,"footnotes":""},"folder":[],"class_list":["post-26","page","type-page","status-publish","hentry"],"aioseo_notices":[],"jetpack_sharing_enabled":true,"_links":{"self":[{"href":"https:\/\/gunnerlacour.com\/dk\/wp-json\/wp\/v2\/pages\/26","targetHints":{"allow":["GET"]}}],"collection":[{"href":"https:\/\/gunnerlacour.com\/dk\/wp-json\/wp\/v2\/pages"}],"about":[{"href":"https:\/\/gunnerlacour.com\/dk\/wp-json\/wp\/v2\/types\/page"}],"author":[{"embeddable":true,"href":"https:\/\/gunnerlacour.com\/dk\/wp-json\/wp\/v2\/users\/1"}],"replies":[{"embeddable":true,"href":"https:\/\/gunnerlacour.com\/dk\/wp-json\/wp\/v2\/comments?post=26"}],"version-history":[{"count":6,"href":"https:\/\/gunnerlacour.com\/dk\/wp-json\/wp\/v2\/pages\/26\/revisions"}],"predecessor-version":[{"id":511,"href":"https:\/\/gunnerlacour.com\/dk\/wp-json\/wp\/v2\/pages\/26\/revisions\/511"}],"wp:attachment":[{"href":"https:\/\/gunnerlacour.com\/dk\/wp-json\/wp\/v2\/media?parent=26"}],"wp:term":[{"taxonomy":"folder","embeddable":true,"href":"https:\/\/gunnerlacour.com\/dk\/wp-json\/wp\/v2\/folder?post=26"}],"curies":[{"name":"wp","href":"https:\/\/api.w.org\/{rel}","templated":true}]}}