{"id":683,"date":"2023-09-19T11:06:45","date_gmt":"2023-09-19T11:06:45","guid":{"rendered":"https:\/\/gunnerlacour.com\/?page_id=683"},"modified":"2023-09-19T11:14:35","modified_gmt":"2023-09-19T11:14:35","slug":"posthumous","status":"publish","type":"page","link":"https:\/\/gunnerlacour.com\/dk\/posthumous\/","title":{"rendered":"posthumous"},"content":{"rendered":"<hr class=\"wp-block-separator has-alpha-channel-opacity\"\/>\n\n\n\n<p>Ny udstilling: <\/p>\n\n\n\n<h2 class=\"wp-block-heading\"><strong>Gunner la Cour<\/strong><\/h2>\n\n\n\n<figure class=\"wp-block-image size-large\"><img loading=\"lazy\" decoding=\"async\" width=\"1024\" height=\"274\" src=\"https:\/\/gunnerlacour.com\/wp-content\/uploads\/2023\/09\/GunnerlaCourKunstSmedjen-1024x274.jpg\" alt=\"\" class=\"wp-image-688\" srcset=\"https:\/\/gunnerlacour.com\/wp-content\/uploads\/2023\/09\/GunnerlaCourKunstSmedjen-1024x274.jpg 1024w, https:\/\/gunnerlacour.com\/wp-content\/uploads\/2023\/09\/GunnerlaCourKunstSmedjen-300x80.jpg 300w, https:\/\/gunnerlacour.com\/wp-content\/uploads\/2023\/09\/GunnerlaCourKunstSmedjen-768x206.jpg 768w, https:\/\/gunnerlacour.com\/wp-content\/uploads\/2023\/09\/GunnerlaCourKunstSmedjen-1536x412.jpg 1536w, https:\/\/gunnerlacour.com\/wp-content\/uploads\/2023\/09\/GunnerlaCourKunstSmedjen-2048x549.jpg 2048w, https:\/\/gunnerlacour.com\/wp-content\/uploads\/2023\/09\/GunnerlaCourKunstSmedjen-18x5.jpg 18w\" sizes=\"auto, (max-width: 1024px) 100vw, 1024px\" \/><\/figure>\n\n\n\n<p><strong>Address:\u00a0KunstSmedjen<\/strong>,\u00a0<strong>Bagt\u00e6ppet 8, 4000 Roskilde<\/strong><\/p>\n\n\n\n<p><strong>30 of September -19 of October 2023<\/strong><\/p>\n\n\n\n<p><strong>Open every day between 12.00 \u2013 16.00.<\/strong><\/p>\n\n\n\n<p><strong>Private-view 30 September 13.00 -16.00<\/strong><\/p>\n\n\n\n<p>Denne udstilling viser et udsnit af den kunst Gunner la Cour skabte over sit liv, hvor han arbejdede produktivt, isoleret og dedikeret for at udvikle sin egen unikke malestil. Inspireret af surrealisme og den evigt skiftende tids\u00e5nd, eksperimenterede han gennem tiden med forskellige materialer og emner.<\/p>\n\n\n\n<p>Man vil kunne se et udsnit fra forskellige perioder: Hans flydende farver og former der var begyndelsen p\u00e5 hans interesse for at fange det brede spektrum af lysets toner i 60\u00e9rne. Hvordan minder og indtryk fra Sydamerika blev fanget i 70\u00e9rnes erotiske dr\u00f8mmeunivers. Hvordan natur og verdensbilleder blev b\u00e5de st\u00f8rre og kom t\u00e6ttere p\u00e5, da massemedier blev del af hverdagen i 80\u00e9rne. Og sidst de sidste 30 \u00e5r, hvor Gunner fandt ro i et selvsikkert billedudtryk med fokus p\u00e5 landskab og tr\u00e6er. Her form\u00e5ede han at blande sin interesse for naturen med inspiration fra surrealismen til en unik stil, han f\u00f8lte var hans. En malestil uden penselstr\u00f8g, hvor han skrabede og trykkede malingen i stedet, stilen er unik i, at den ikke har et forenklet pr\u00e6diktivt billedsprog, mens stadig fanger og skaber en st\u00e6rk naturf\u00f8lelse og fornemmelse af at v\u00e6re i landskabet.<\/p>\n\n\n\n<p>Gunner d\u00f8de i oktober 2021. Udstilling og hans digitale arkiv er sat sammen af hans datter Iben la Cour. Denne udstilling er ikke et retrospektiv overblik over hans livs arbejde, men Iben har derimod gravet dybt igennem hans v\u00e6rker for at finde et helt livs dedikeret arbejde bag hovedv\u00e6rkerne, og kurateret en unik chance for at rejse gennem kunsten over flere \u00e5rtier og se en sp\u00e6ndende udvikling af emner og stil.<\/p>\n\n\n\n<p>KunstSmedjen ligger i Musicon omr\u00e5det af Roskilde. Det er 20 min p\u00e5 g\u00e5ben eller 12 min med bus 202A fra Roskilde Station.<\/p>\n\n\n\n<p>For mere information se hans hjemmeside www.gunnerlacour.com eller kontakt: ibenlacour@gmail.com +447710426745.<\/p>\n\n\n\n<hr class=\"wp-block-separator has-alpha-channel-opacity\"\/>\n\n\n\n<p>Ny udstilling:<\/p>\n\n\n\n<h2 class=\"wp-block-heading\"><strong>Gunner la Cour<\/strong> &#8211; <strong>Danske landskaber<\/strong><\/h2>\n\n\n\n<figure class=\"wp-block-image size-large\"><img loading=\"lazy\" decoding=\"async\" width=\"1024\" height=\"819\" src=\"https:\/\/gunnerlacour.com\/wp-content\/uploads\/2023\/09\/18-FuglsangHerregaardAlle-1024x819.jpg\" alt=\"\" class=\"wp-image-684\" srcset=\"https:\/\/gunnerlacour.com\/wp-content\/uploads\/2023\/09\/18-FuglsangHerregaardAlle-1024x819.jpg 1024w, https:\/\/gunnerlacour.com\/wp-content\/uploads\/2023\/09\/18-FuglsangHerregaardAlle-300x240.jpg 300w, https:\/\/gunnerlacour.com\/wp-content\/uploads\/2023\/09\/18-FuglsangHerregaardAlle-768x614.jpg 768w, https:\/\/gunnerlacour.com\/wp-content\/uploads\/2023\/09\/18-FuglsangHerregaardAlle-15x12.jpg 15w, https:\/\/gunnerlacour.com\/wp-content\/uploads\/2023\/09\/18-FuglsangHerregaardAlle.jpg 1501w\" sizes=\"auto, (max-width: 1024px) 100vw, 1024px\" \/><\/figure>\n\n\n\n<p><strong>3. september \u2013 25. december 2023<\/strong><\/p>\n\n\n\n<p>Denne udstilling viser Danske landskaber og tr\u00e6er fra slut perioden af Gunner la Cours lange karriere som kunstmaler. \nHovedsageligt malet fra hans yndlings kystlandskaber og skove, omkring M\u00f8n, Hesn\u00e6s, Bog\u00f8 og Maltrup, men ogs\u00e5 dr\u00f8mmelandskaber fra en frugtplantage i Eskilstrup, hvori han legede som barn. Billederne har et flygtigt og nostalgisk udtryk, af de idylliske \u00f8jeblikke i naturen som ikke rigtigt kan fanges, solen p\u00e5 ens hud, vinden der svajer tr\u00e6kronerne, lyset der bryder igennem grenene, vandets sus og brus. Udtrykt ved at skrabe pensel str\u00f8gne og farvevalg helt tilbage til det n\u00f8gterne og bare, gives der plads til dybde, indtryk og f\u00f8lelser. P\u00e5 den m\u00e5de skaber de et st\u00e6rkt billede af de natursk\u00f8nne omr\u00e5der omkring Lolland Falster og omegn og majest\u00e6tiske tr\u00e6er.<\/p>\n\n\n\n<p>Gunner \u00f8nskede fra en tidlig alder af at male, han fik som 14-\u00e5rig en kort periode privat maleundervisning, derfor var han ikke helt autodidakt, men han var dog forholdsvis selvl\u00e6rt og isoleret med sin kunst gennem sit liv. Han arbejdede produktivt og dedikeret for at udvikle sin egen unikke malestil. Inspireret af surrealisme og den evigt skiftende tids\u00e5nd, eksperimenterede han med forskellige materialer og emner. Gunner fandt de sidste 30 \u00e5r ro i et selvsikkert billedudtryk med fokus p\u00e5 natur og landskab, her form\u00e5ede han at blande sin interesse for naturen med inspiration fra surrealismen til en unik stil, han f\u00f8lte var hans. inspireret af sine yndlingsmalerier af Max Ernst. Han arbejdet med en malestil uden penselstr\u00f8g, hvor han skrabede og trykte malingen i stedet. Stilen er unik p\u00e5 den m\u00e5de, den ikke reducerer til et pr\u00e6diktivt billedsprog, mens stadig fanger og skaber en st\u00e6rk naturf\u00f8lelse og fornemmelse af at v\u00e6re i landskabet.<\/p>\n\n\n\n<p>Gunner d\u00f8de oktober 2021. Denne udstilling og hans digitale arkiv er sat sammen af hans datter Iben la Cour.<\/p>\n\n\n\n<div class=\"wp-block-group is-layout-constrained wp-block-group-is-layout-constrained\">\n<blockquote class=\"wp-block-quote is-layout-flow wp-block-quote-is-layout-flow\">\n<p>Iben la Cour inviterer til fernisering af udstillingen ved OnsdagsBar<br><strong>&nbsp;4 October at 19.00 -21.00&nbsp;<\/strong><br>Her vil den nye hjemmeside og udstillingsfond blive lanceret.<br>Iben vil fort\u00e6lle om projektet og l\u00e6se et udkast fra hendes l\u00f8bende skriveprojekt om processen.&nbsp;<br>Pr\u00e6sentationen vil v\u00e6re p\u00e5 engelsk.<\/p>\n<\/blockquote>\n<\/div>\n\n\n\n<p><strong>The Danish Church in London, St. Katharines Precinct, London NW1 4HH.<\/strong><\/p>\n\n\n\n<p><strong>\u00e5ben under kirkelige arrangementer og ved aftale. E-mail: kirke@danskekirke.org<\/strong><\/p>","protected":false},"excerpt":{"rendered":"<p>New exhibition: Gunner la Cour Address:\u00a0KunstSmedjen,\u00a0Bagt\u00e6ppet 8, 4000 Roskilde 30 of September -19 of October 2023 Open every day between 12.00 \u2013 16.00. Private-view 30 September 13.00 -16.00 This exhibition shows a selection of art Gunner la Cour created over his life, where he worked prolifically, isolated and dedicated to developing his own unique painting [&hellip;]<\/p>\n","protected":false},"author":2,"featured_media":0,"parent":0,"menu_order":0,"comment_status":"closed","ping_status":"closed","template":"","meta":{"om_disable_all_campaigns":false,"_monsterinsights_skip_tracking":false,"_monsterinsights_sitenote_active":false,"_monsterinsights_sitenote_note":"","_monsterinsights_sitenote_category":0,"footnotes":""},"folder":[],"class_list":["post-683","page","type-page","status-publish","hentry"],"aioseo_notices":[],"jetpack_sharing_enabled":true,"_links":{"self":[{"href":"https:\/\/gunnerlacour.com\/dk\/wp-json\/wp\/v2\/pages\/683","targetHints":{"allow":["GET"]}}],"collection":[{"href":"https:\/\/gunnerlacour.com\/dk\/wp-json\/wp\/v2\/pages"}],"about":[{"href":"https:\/\/gunnerlacour.com\/dk\/wp-json\/wp\/v2\/types\/page"}],"author":[{"embeddable":true,"href":"https:\/\/gunnerlacour.com\/dk\/wp-json\/wp\/v2\/users\/2"}],"replies":[{"embeddable":true,"href":"https:\/\/gunnerlacour.com\/dk\/wp-json\/wp\/v2\/comments?post=683"}],"version-history":[{"count":2,"href":"https:\/\/gunnerlacour.com\/dk\/wp-json\/wp\/v2\/pages\/683\/revisions"}],"predecessor-version":[{"id":689,"href":"https:\/\/gunnerlacour.com\/dk\/wp-json\/wp\/v2\/pages\/683\/revisions\/689"}],"wp:attachment":[{"href":"https:\/\/gunnerlacour.com\/dk\/wp-json\/wp\/v2\/media?parent=683"}],"wp:term":[{"taxonomy":"folder","embeddable":true,"href":"https:\/\/gunnerlacour.com\/dk\/wp-json\/wp\/v2\/folder?post=683"}],"curies":[{"name":"wp","href":"https:\/\/api.w.org\/{rel}","templated":true}]}}